{"id":35,"date":"2023-03-13T12:46:47","date_gmt":"2023-03-13T12:46:47","guid":{"rendered":"http:\/\/192.168.0.101\/user2\/etronics_demo\/?page_id=35"},"modified":"2026-02-15T19:59:17","modified_gmt":"2026-02-15T18:59:17","slug":"accueil","status":"publish","type":"page","link":"https:\/\/www.dcmautopieces.fr\/","title":{"rendered":"Accueil"},"content":{"rendered":"<h2>Site en Cours de Cr\u00e9ation<br \/>\nNe fonctionne pas<\/h2>\n<h2>Nouveau Produit <\/h2>\n<p>\t\t\t\t\tD\u00e9couvrez notre s\u00e9lection des meilleurs nouveaux produits tr\u00e8s prochainement<\/p>\n<h2>Recevez les derni\u00e8res mises \u00e0 jour et actualit\u00e9s<\/h2>\n<p>\t\t\t\t\tConsultez nos derni\u00e8res actualit\u00e9s et \u00e9v\u00e9nements.<\/p>\n","protected":false},"excerpt":{"rendered":"<p>Site en Cours de Cr\u00e9ation Ne fonctionne pas Nouveau Produit D\u00e9couvrez notre s\u00e9lection des meilleurs nouveaux produits tr\u00e8s prochainement Recevez les derni\u00e8res mises \u00e0 jour et actualit\u00e9s Consultez nos derni\u00e8res actualit\u00e9s et \u00e9v\u00e9nements.<\/p>\n","protected":false},"author":1,"featured_media":0,"parent":0,"menu_order":0,"comment_status":"closed","ping_status":"closed","template":"","meta":{"_bst_post_transparent":"","_bst_post_title":"hide","_bst_post_layout":"fullwidth","_bst_post_sidebar_id":"","_bst_post_content_style":"unboxed","_bst_post_vertical_padding":"hide","_bst_post_feature":"hide","_bst_post_feature_position":"","_bst_post_header":false,"_bst_post_footer":false,"footnotes":""},"class_list":["post-35","page","type-page","status-publish","hentry"],"_links":{"self":[{"href":"https:\/\/www.dcmautopieces.fr\/index.php\/wp-json\/wp\/v2\/pages\/35","targetHints":{"allow":["GET"]}}],"collection":[{"href":"https:\/\/www.dcmautopieces.fr\/index.php\/wp-json\/wp\/v2\/pages"}],"about":[{"href":"https:\/\/www.dcmautopieces.fr\/index.php\/wp-json\/wp\/v2\/types\/page"}],"author":[{"embeddable":true,"href":"https:\/\/www.dcmautopieces.fr\/index.php\/wp-json\/wp\/v2\/users\/1"}],"replies":[{"embeddable":true,"href":"https:\/\/www.dcmautopieces.fr\/index.php\/wp-json\/wp\/v2\/comments?post=35"}],"version-history":[{"count":43,"href":"https:\/\/www.dcmautopieces.fr\/index.php\/wp-json\/wp\/v2\/pages\/35\/revisions"}],"predecessor-version":[{"id":12632,"href":"https:\/\/www.dcmautopieces.fr\/index.php\/wp-json\/wp\/v2\/pages\/35\/revisions\/12632"}],"wp:attachment":[{"href":"https:\/\/www.dcmautopieces.fr\/index.php\/wp-json\/wp\/v2\/media?parent=35"}],"curies":[{"name":"wp","href":"https:\/\/api.w.org\/{rel}","templated":true}]}}