{"id":12691,"date":"2026-02-14T00:25:25","date_gmt":"2026-02-13T23:25:25","guid":{"rendered":"https:\/\/www.dcmautopieces.fr\/?page_id=12691"},"modified":"2026-02-20T00:42:46","modified_gmt":"2026-02-19T23:42:46","slug":"additif","status":"publish","type":"page","link":"https:\/\/www.dcmautopieces.fr\/index.php\/boutique\/additif\/","title":{"rendered":"Additif"},"content":{"rendered":"\n<div data-block-name=\"woocommerce\/single-product\" data-product-id=\"12765\" data-wp-context=\"{&quot;productId&quot;:12765,&quot;variationId&quot;:null}\" data-wp-interactive=\"woocommerce\/single-product\" class=\"wp-block-woocommerce-single-product woocommerce\">\n<div class=\"wp-block-columns is-layout-flex wp-container-core-columns-is-layout-9d6595d7 wp-block-columns-is-layout-flex\">\n<div class=\"wp-block-column is-layout-flow wp-block-column-is-layout-flow\"><div data-block-name=\"woocommerce\/product-image\" data-is-descendent-of-single-product-block=\"true\" data-show-sale-badge=\"false\" class=\"wc-block-components-product-image wc-block-grid__product-image wc-block-components-product-image--aspect-ratio-auto wp-block-woocommerce-product-image\"><a href=\"https:\/\/www.dcmautopieces.fr\/index.php\/produit\/warm-up-gold-formula-anti-frictions-moteur-boite-direction-pont-graisse-250ml\/\" style=\"\" data-wp-on--click=\"woocommerce\/product-collection::actions.viewProduct\"><img fetchpriority=\"high\" decoding=\"async\" width=\"700\" height=\"876\" src=\"https:\/\/www.dcmautopieces.fr\/wp-content\/uploads\/2026\/02\/warm-up-gold-formula-anti-frictions-moteur-boite-direction-pont-graisse-250-ml-700x876.jpg\" class=\"attachment-woocommerce_single size-woocommerce_single\" alt=\"WARM UP GOLD FORMULA Anti-frictions moteur, bo\u00eete, direction, pont, graisse 250ml\" data-testid=\"product-image\" data-image-id=\"12766\" style=\"object-fit:cover;\" srcset=\"https:\/\/www.dcmautopieces.fr\/wp-content\/uploads\/2026\/02\/warm-up-gold-formula-anti-frictions-moteur-boite-direction-pont-graisse-250-ml-700x876.jpg 700w, https:\/\/www.dcmautopieces.fr\/wp-content\/uploads\/2026\/02\/warm-up-gold-formula-anti-frictions-moteur-boite-direction-pont-graisse-250-ml-240x300.jpg 240w, https:\/\/www.dcmautopieces.fr\/wp-content\/uploads\/2026\/02\/warm-up-gold-formula-anti-frictions-moteur-boite-direction-pont-graisse-250-ml-768x961.jpg 768w, https:\/\/www.dcmautopieces.fr\/wp-content\/uploads\/2026\/02\/warm-up-gold-formula-anti-frictions-moteur-boite-direction-pont-graisse-250-ml.jpg 799w\" sizes=\"(max-width: 700px) 100vw, 700px\" \/><div class=\"wc-block-components-product-image__inner-container\">\n<div data-block-name=\"woocommerce\/product-sale-badge\" class=\"wp-block-woocommerce-product-sale-badge \"><div class=\"wc-block-components-product-sale-badge alignright wc-block-components-product-sale-badge--align-right\" style=\"\"><span class=\"wc-block-components-product-sale-badge__text\" aria-hidden=\"true\">Promo<\/span><span class=\"screen-reader-text\">Produit en promotion<\/span><\/div><\/div>\n<\/div><\/a><\/div><\/div>\n\n\n\n<div class=\"wp-block-column is-layout-flow wp-block-column-is-layout-flow\"><h2 class=\"wp-block-post-title\"><a href=\"https:\/\/www.dcmautopieces.fr\/index.php\/produit\/warm-up-gold-formula-anti-frictions-moteur-boite-direction-pont-graisse-250ml\/\" target=\"_self\" >WARM UP GOLD FORMULA Anti-frictions moteur, bo\u00eete, direction, pont, graisse 250ml<\/a><\/h2>\n\n\n\n<div data-block-name=\"woocommerce\/product-price\" data-is-descendent-of-single-product-block=\"true\" class=\"wp-block-woocommerce-product-price\" ><div class=\"wc-block-components-product-price wc-block-grid__product-price\" >\n\t\t\t\t\t<del aria-hidden=\"true\"><span class=\"woocommerce-Price-amount amount\"><bdi>35,00&nbsp;<span class=\"woocommerce-Price-currencySymbol\">&euro;<\/span><\/bdi><\/span><\/del> <span class=\"screen-reader-text\">Le prix initial \u00e9tait\u00a0: 35,00&nbsp;&euro;.<\/span><ins aria-hidden=\"true\"><span class=\"woocommerce-Price-amount amount\"><bdi>33,90&nbsp;<span class=\"woocommerce-Price-currencySymbol\">&euro;<\/span><\/bdi><\/span><\/ins><span class=\"screen-reader-text\">Le prix actuel est\u00a0: 33,90&nbsp;&euro;.<\/span>\n\t\t\t\t<\/div><\/div>\n\n<div data-block-name=\"woocommerce\/product-summary\" data-is-descendent-of-single-product-block=\"true\" class=\"wp-block-woocommerce-product-summary\"><div class=\"wc-block-components-product-summary \" style=\"\">\n\t\t\t\t<p>WARM UP GOLD FORMULA est une nouvelle technologie de traitement antifriction, anti-usure et extr\u00eame pression pour les moteurs diesel, essence et biocarburants. Produit de synth\u00e8se sans particule solide, il agit par un traitement du m\u00e9tal et par un film de surface qui ne se perd pas \u00e0 la vidange (proc\u00e9d\u00e9 antifriction XT2 PROCESS).<\/p>\n<div id=\"sconnect-is-installed\">2.15.1.0<\/div>\n\n\t\t\t<\/div><\/div>\n\n<div data-block-name=\"woocommerce\/add-to-cart-form\" class=\"wp-block-add-to-cart-form wc-block-add-to-cart-form wc-block-add-to-cart-form--input wp-block-woocommerce-add-to-cart-form\" >\n\t\n\t<form class=\"cart\" action=\"https:\/\/www.dcmautopieces.fr\/index.php\/produit\/warm-up-gold-formula-anti-frictions-moteur-boite-direction-pont-graisse-250ml\/\" method=\"post\" enctype='multipart\/form-data'>\n\t\t\n\t\t<div class=\"quantity\">\n\t\t<label class=\"screen-reader-text\" for=\"quantity_6a0749d1b850a\">quantit\u00e9 de WARM UP GOLD FORMULA Anti-frictions moteur, bo\u00eete, direction, pont, graisse 250ml<\/label>\n\t<input\n\t\ttype=\"number\"\n\t\t\t\tid=\"quantity_6a0749d1b850a\"\n\t\tclass=\"input-text qty text\"\n\t\tname=\"quantity\"\n\t\tvalue=\"1\"\n\t\taria-label=\"Quantit\u00e9 de produits\"\n\t\t\t\tmin=\"1\"\n\t\t\t\t\t\t\tstep=\"1\"\n\t\t\tplaceholder=\"\"\n\t\t\tinputmode=\"numeric\"\n\t\t\tautocomplete=\"off\"\n\t\t\t\/>\n\t<\/div>\n\n\t\t<button type=\"submit\" name=\"add-to-cart\" value=\"12765\" class=\"single_add_to_cart_button button alt\">Ajouter au panier<\/button>\n\n\t\t<button class=\"woosw-btn woosw-btn-12765\" data-id=\"12765\" data-product_name=\"WARM UP GOLD FORMULA Anti-frictions moteur, bo\u00eete, direction, pont, graisse 250ml\" data-product_image=\"https:\/\/www.dcmautopieces.fr\/wp-content\/uploads\/2026\/02\/warm-up-gold-formula-anti-frictions-moteur-boite-direction-pont-graisse-250-ml-150x150.jpg\" aria-label=\"Add to wishlist\">Add to wishlist<\/button><button class=\"woosc-btn woosc-btn-12765 \" data-text=\"Compare\" data-text_added=\"Compare\" data-id=\"12765\" data-product_id=\"12765\" data-product_name=\"WARM UP GOLD FORMULA Anti-frictions moteur, bo\u00eete, direction, pont, graisse 250ml\" data-product_image=\"https:\/\/www.dcmautopieces.fr\/wp-content\/uploads\/2026\/02\/warm-up-gold-formula-anti-frictions-moteur-boite-direction-pont-graisse-250-ml-150x150.jpg\">Compare<\/button>\t<\/form>\n\n\t\n<\/div>\n\n\n<div data-block-name=\"woocommerce\/product-meta\" class=\"wp-block-woocommerce-product-meta\">\n<div class=\"wp-block-group is-nowrap is-layout-flex wp-container-core-group-is-layout-ad2f72ca wp-block-group-is-layout-flex\"><div data-block-name=\"woocommerce\/product-sku\" class=\"wc-block-components-product-sku wc-block-grid__product-sku wp-block-woocommerce-product-sku product_meta wp-block-post-terms \" style=\"\">\n\t\t\t\t<span class=\"wp-block-post-terms__prefix\">SKU:<\/span>\n\t\t\t\t<span class=\"sku\" >wu-gf250<\/span>\n\t\t\t\t\n\t\t\t<\/div>\n\n<div class=\"taxonomy-product_cat wp-block-post-terms\"><span class=\"wp-block-post-terms__prefix\">Cat\u00e9gorie\u00a0: <\/span><a href=\"https:\/\/www.dcmautopieces.fr\/index.php\/categorie-produit\/warm-up\/\" rel=\"tag\">Warm up<\/a><\/div>\n\n<\/div>\n<\/div>\n<\/div>\n<\/div>\n<\/div>\n","protected":false},"excerpt":{"rendered":"","protected":false},"author":1,"featured_media":0,"parent":23,"menu_order":0,"comment_status":"closed","ping_status":"closed","template":"","meta":{"_bst_post_transparent":"default","_bst_post_title":"show","_bst_post_layout":"right","_bst_post_sidebar_id":"default","_bst_post_content_style":"unboxed","_bst_post_vertical_padding":"hide","_bst_post_feature":"show","_bst_post_feature_position":"","_bst_post_header":false,"_bst_post_footer":false,"footnotes":""},"class_list":["post-12691","page","type-page","status-publish","hentry"],"_links":{"self":[{"href":"https:\/\/www.dcmautopieces.fr\/index.php\/wp-json\/wp\/v2\/pages\/12691","targetHints":{"allow":["GET"]}}],"collection":[{"href":"https:\/\/www.dcmautopieces.fr\/index.php\/wp-json\/wp\/v2\/pages"}],"about":[{"href":"https:\/\/www.dcmautopieces.fr\/index.php\/wp-json\/wp\/v2\/types\/page"}],"author":[{"embeddable":true,"href":"https:\/\/www.dcmautopieces.fr\/index.php\/wp-json\/wp\/v2\/users\/1"}],"replies":[{"embeddable":true,"href":"https:\/\/www.dcmautopieces.fr\/index.php\/wp-json\/wp\/v2\/comments?post=12691"}],"version-history":[{"count":3,"href":"https:\/\/www.dcmautopieces.fr\/index.php\/wp-json\/wp\/v2\/pages\/12691\/revisions"}],"predecessor-version":[{"id":12831,"href":"https:\/\/www.dcmautopieces.fr\/index.php\/wp-json\/wp\/v2\/pages\/12691\/revisions\/12831"}],"up":[{"embeddable":true,"href":"https:\/\/www.dcmautopieces.fr\/index.php\/wp-json\/wp\/v2\/pages\/23"}],"wp:attachment":[{"href":"https:\/\/www.dcmautopieces.fr\/index.php\/wp-json\/wp\/v2\/media?parent=12691"}],"curies":[{"name":"wp","href":"https:\/\/api.w.org\/{rel}","templated":true}]}}